{"id":26,"date":"2025-03-18T19:29:09","date_gmt":"2025-03-18T19:29:09","guid":{"rendered":"https:\/\/denglemtetid.dk\/?page_id=26"},"modified":"2025-04-02T20:49:00","modified_gmt":"2025-04-02T20:49:00","slug":"forside","status":"publish","type":"page","link":"https:\/\/denglemtetid.dk\/","title":{"rendered":"Forside"},"content":{"rendered":"\t\t<div data-elementor-type=\"wp-page\" data-elementor-id=\"26\" class=\"elementor elementor-26\" data-elementor-post-type=\"page\">\n\t\t\t\t<div class=\"elementor-element elementor-element-5fff926f e-con-full e-flex e-con e-parent\" data-id=\"5fff926f\" data-element_type=\"container\" data-e-type=\"container\">\n\t\t<div class=\"elementor-element elementor-element-72d055c4 e-con-full e-flex e-con e-child\" data-id=\"72d055c4\" data-element_type=\"container\" data-e-type=\"container\" data-settings=\"{&quot;background_background&quot;:&quot;classic&quot;}\">\n\t\t\t\t<div class=\"elementor-element elementor-element-4c5a3079 elementor-widget elementor-widget-heading\" data-id=\"4c5a3079\" data-element_type=\"widget\" data-e-type=\"widget\" data-widget_type=\"heading.default\">\n\t\t\t\t<div class=\"elementor-widget-container\">\n\t\t\t\t\t<h6 class=\"elementor-heading-title elementor-size-default\">Velkommen til en verden fyldt med eventyr, kreativitet og f\u00e6llesskab!<\/h6>\t\t\t\t<\/div>\n\t\t\t\t<\/div>\n\t\t\t\t<div class=\"elementor-element elementor-element-216ce1c3 elementor-widget elementor-widget-heading\" data-id=\"216ce1c3\" data-element_type=\"widget\" data-e-type=\"widget\" data-widget_type=\"heading.default\">\n\t\t\t\t<div class=\"elementor-widget-container\">\n\t\t\t\t\t<h3 class=\"elementor-heading-title elementor-size-default\">Den glemte tid<\/h3>\t\t\t\t<\/div>\n\t\t\t\t<\/div>\n\t\t\t\t<div class=\"elementor-element elementor-element-dd927d1 elementor-widget elementor-widget-text-editor\" data-id=\"dd927d1\" data-element_type=\"widget\" data-e-type=\"widget\" data-widget_type=\"text-editor.default\">\n\t\t\t\t<div class=\"elementor-widget-container\">\n\t\t\t\t\t\t\t\t\t<p data-pm-slice=\"1 1 []\">Uanset om du er passioneret omkring detaljerede 3D-printede Dungeons &amp; Dragons-figurer, elsker hyggelige br\u00e6tspilsaftener med vennerne, eller s\u00f8ger inspiration og f\u00e6llesskab gennem blogging, er du landet det helt rigtige sted. Her forener vi fantasi, strategi og kreativitet i \u00e9t univers, skabt til b\u00e5de nysgerrige nybegyndere og erfarne entusiaster. Dyk ned i vores forskellige universer, udforsk, og bliv inspireret til dit n\u00e6ste eventyr!<\/p>\t\t\t\t\t\t\t\t<\/div>\n\t\t\t\t<\/div>\n\t\t\t\t<\/div>\n\t\t<div class=\"elementor-element elementor-element-7559a947 e-con-full e-flex e-con e-child\" data-id=\"7559a947\" data-element_type=\"container\" data-e-type=\"container\" data-settings=\"{&quot;background_background&quot;:&quot;classic&quot;}\">\n\t\t\t\t<\/div>\n\t\t\t\t<\/div>\n\t\t<div class=\"elementor-element elementor-element-702c9450 e-con-full e-flex e-con e-parent\" data-id=\"702c9450\" data-element_type=\"container\" data-e-type=\"container\" data-settings=\"{&quot;background_background&quot;:&quot;classic&quot;}\">\n\t\t<div class=\"elementor-element elementor-element-45f324db e-con-full e-flex e-con e-child\" data-id=\"45f324db\" data-element_type=\"container\" data-e-type=\"container\">\n\t\t\t\t<div class=\"elementor-element elementor-element-185d7aa8 animated-slow elementor-invisible elementor-widget elementor-widget-heading\" data-id=\"185d7aa8\" data-element_type=\"widget\" data-e-type=\"widget\" data-settings=\"{&quot;_animation&quot;:&quot;slideInUp&quot;}\" data-widget_type=\"heading.default\">\n\t\t\t\t<div class=\"elementor-widget-container\">\n\t\t\t\t\t<h2 class=\"elementor-heading-title elementor-size-default\">... F\u00e5 tiden tilbage med dine k\u00e6re<\/h2>\t\t\t\t<\/div>\n\t\t\t\t<\/div>\n\t\t\t\t<div class=\"elementor-element elementor-element-11e45ffe animated-slow elementor-invisible elementor-widget elementor-widget-heading\" data-id=\"11e45ffe\" data-element_type=\"widget\" data-e-type=\"widget\" data-settings=\"{&quot;_animation&quot;:&quot;slideInUp&quot;}\" data-widget_type=\"heading.default\">\n\t\t\t\t<div class=\"elementor-widget-container\">\n\t\t\t\t\t<h2 class=\"elementor-heading-title elementor-size-default\">G\u00e5 til univers<\/h2>\t\t\t\t<\/div>\n\t\t\t\t<\/div>\n\t\t\t\t<\/div>\n\t\t<div class=\"elementor-element elementor-element-677d5c5e e-con-full e-flex e-con e-child\" data-id=\"677d5c5e\" data-element_type=\"container\" data-e-type=\"container\">\n\t\t<div class=\"elementor-element elementor-element-48d104c0 animated-slow e-con-full e-flex elementor-invisible e-con e-child\" data-id=\"48d104c0\" data-element_type=\"container\" data-e-type=\"container\" data-settings=\"{&quot;animation&quot;:&quot;fadeInUp&quot;,&quot;animation_delay&quot;:150}\">\n\t\t<div class=\"elementor-element elementor-element-496b8cc5 e-con-full e-flex e-con e-child\" data-id=\"496b8cc5\" data-element_type=\"container\" data-e-type=\"container\">\n\t\t\t\t<div class=\"elementor-element elementor-element-1b79eff7 elementor-widget elementor-widget-image\" data-id=\"1b79eff7\" data-element_type=\"widget\" data-e-type=\"widget\" data-widget_type=\"image.default\">\n\t\t\t\t<div class=\"elementor-widget-container\">\n\t\t\t\t\t\t\t\t\t\t\t\t\t\t\t<img fetchpriority=\"high\" decoding=\"async\" width=\"800\" height=\"800\" src=\"https:\/\/denglemtetid.dk\/wp-content\/uploads\/2025\/03\/DALL\u00b7E-2025-03-18-20.46.53-A-detailed-vivid-image-of-a-3D-printer-actively-printing-a-highly-detailed-Dungeons-Dragons-miniature-figurine-capturing-the-precision-creativity.webp\" class=\"attachment-large size-large wp-image-43\" alt=\"\" srcset=\"https:\/\/denglemtetid.dk\/wp-content\/uploads\/2025\/03\/DALL\u00b7E-2025-03-18-20.46.53-A-detailed-vivid-image-of-a-3D-printer-actively-printing-a-highly-detailed-Dungeons-Dragons-miniature-figurine-capturing-the-precision-creativity.webp 1024w, https:\/\/denglemtetid.dk\/wp-content\/uploads\/2025\/03\/DALL\u00b7E-2025-03-18-20.46.53-A-detailed-vivid-image-of-a-3D-printer-actively-printing-a-highly-detailed-Dungeons-Dragons-miniature-figurine-capturing-the-precision-creativity-300x300.webp 300w, https:\/\/denglemtetid.dk\/wp-content\/uploads\/2025\/03\/DALL\u00b7E-2025-03-18-20.46.53-A-detailed-vivid-image-of-a-3D-printer-actively-printing-a-highly-detailed-Dungeons-Dragons-miniature-figurine-capturing-the-precision-creativity-150x150.webp 150w, https:\/\/denglemtetid.dk\/wp-content\/uploads\/2025\/03\/DALL\u00b7E-2025-03-18-20.46.53-A-detailed-vivid-image-of-a-3D-printer-actively-printing-a-highly-detailed-Dungeons-Dragons-miniature-figurine-capturing-the-precision-creativity-768x768.webp 768w\" sizes=\"(max-width: 800px) 100vw, 800px\" \/>\t\t\t\t\t\t\t\t\t\t\t\t\t\t\t<\/div>\n\t\t\t\t<\/div>\n\t\t\t\t<div class=\"elementor-element elementor-element-6f382c4f elementor-widget__width-initial animated-slow elementor-invisible elementor-widget elementor-widget-spacer\" data-id=\"6f382c4f\" data-element_type=\"widget\" data-e-type=\"widget\" data-settings=\"{&quot;_animation&quot;:&quot;rotateInDownLeft&quot;}\" data-widget_type=\"spacer.default\">\n\t\t\t\t<div class=\"elementor-widget-container\">\n\t\t\t\t\t\t\t<div class=\"elementor-spacer\">\n\t\t\t<div class=\"elementor-spacer-inner\"><\/div>\n\t\t<\/div>\n\t\t\t\t\t\t<\/div>\n\t\t\t\t<\/div>\n\t\t\t\t<\/div>\n\t\t\t\t<div class=\"elementor-element elementor-element-6abf44b4 elementor-cta--layout-image-left elementor-cta--skin-classic elementor-animated-content elementor-bg-transform elementor-bg-transform-zoom-in elementor-widget elementor-widget-call-to-action\" data-id=\"6abf44b4\" data-element_type=\"widget\" data-e-type=\"widget\" data-widget_type=\"call-to-action.default\">\n\t\t\t\t<div class=\"elementor-widget-container\">\n\t\t\t\t\t\t\t<div class=\"elementor-cta\">\n\t\t\t\t\t\t\t<div class=\"elementor-cta__content\">\n\t\t\t\t\n\t\t\t\t\t\t\t\t\t<h2 class=\"elementor-cta__title elementor-cta__content-item elementor-content-item\">\n\t\t\t\t\t\tDnD figur \t\t\t\t\t<\/h2>\n\t\t\t\t\n\t\t\t\t\n\t\t\t\t\t\t\t\t\t<div class=\"elementor-cta__button-wrapper elementor-cta__content-item elementor-content-item \">\n\t\t\t\t\t<a class=\"elementor-cta__button elementor-button elementor-size-\" href=\"https:\/\/denglemtetid.dk\/?page_id=122\">\n\t\t\t\t\t\tBes\u00f8g shoppen\t\t\t\t\t<\/a>\n\t\t\t\t\t<\/div>\n\t\t\t\t\t\t\t<\/div>\n\t\t\t\t\t\t<\/div>\n\t\t\t\t\t\t<\/div>\n\t\t\t\t<\/div>\n\t\t\t\t<\/div>\n\t\t<div class=\"elementor-element elementor-element-21a60f4e animated-slow e-con-full e-flex elementor-invisible e-con e-child\" data-id=\"21a60f4e\" data-element_type=\"container\" data-e-type=\"container\" data-settings=\"{&quot;animation&quot;:&quot;fadeInUp&quot;,&quot;animation_delay&quot;:300}\">\n\t\t<div class=\"elementor-element elementor-element-6dcf5eea e-con-full e-flex e-con e-child\" data-id=\"6dcf5eea\" data-element_type=\"container\" data-e-type=\"container\">\n\t\t\t\t<div class=\"elementor-element elementor-element-40cd5ffa elementor-widget elementor-widget-image\" data-id=\"40cd5ffa\" data-element_type=\"widget\" data-e-type=\"widget\" data-widget_type=\"image.default\">\n\t\t\t\t<div class=\"elementor-widget-container\">\n\t\t\t\t\t\t\t\t\t\t\t\t\t\t\t<img decoding=\"async\" width=\"800\" height=\"800\" src=\"https:\/\/denglemtetid.dk\/wp-content\/uploads\/2025\/03\/DALL\u00b7E-2025-03-18-20.46.55-An-engaging-and-lively-board-game-setup-on-a-wooden-table-showcasing-various-colorful-dice-cards-tokens-and-strategic-elements-capturing-the-exci.webp\" class=\"attachment-large size-large wp-image-42\" alt=\"\" srcset=\"https:\/\/denglemtetid.dk\/wp-content\/uploads\/2025\/03\/DALL\u00b7E-2025-03-18-20.46.55-An-engaging-and-lively-board-game-setup-on-a-wooden-table-showcasing-various-colorful-dice-cards-tokens-and-strategic-elements-capturing-the-exci.webp 1024w, https:\/\/denglemtetid.dk\/wp-content\/uploads\/2025\/03\/DALL\u00b7E-2025-03-18-20.46.55-An-engaging-and-lively-board-game-setup-on-a-wooden-table-showcasing-various-colorful-dice-cards-tokens-and-strategic-elements-capturing-the-exci-300x300.webp 300w, https:\/\/denglemtetid.dk\/wp-content\/uploads\/2025\/03\/DALL\u00b7E-2025-03-18-20.46.55-An-engaging-and-lively-board-game-setup-on-a-wooden-table-showcasing-various-colorful-dice-cards-tokens-and-strategic-elements-capturing-the-exci-150x150.webp 150w, https:\/\/denglemtetid.dk\/wp-content\/uploads\/2025\/03\/DALL\u00b7E-2025-03-18-20.46.55-An-engaging-and-lively-board-game-setup-on-a-wooden-table-showcasing-various-colorful-dice-cards-tokens-and-strategic-elements-capturing-the-exci-768x768.webp 768w\" sizes=\"(max-width: 800px) 100vw, 800px\" \/>\t\t\t\t\t\t\t\t\t\t\t\t\t\t\t<\/div>\n\t\t\t\t<\/div>\n\t\t\t\t<div class=\"elementor-element elementor-element-ca1e882 elementor-widget__width-initial animated-slow elementor-invisible elementor-widget elementor-widget-spacer\" data-id=\"ca1e882\" data-element_type=\"widget\" data-e-type=\"widget\" data-settings=\"{&quot;_animation&quot;:&quot;rotateInDownLeft&quot;}\" data-widget_type=\"spacer.default\">\n\t\t\t\t<div class=\"elementor-widget-container\">\n\t\t\t\t\t\t\t<div class=\"elementor-spacer\">\n\t\t\t<div class=\"elementor-spacer-inner\"><\/div>\n\t\t<\/div>\n\t\t\t\t\t\t<\/div>\n\t\t\t\t<\/div>\n\t\t\t\t<\/div>\n\t\t\t\t<div class=\"elementor-element elementor-element-101bff2a elementor-cta--layout-image-left elementor-cta--skin-classic elementor-animated-content elementor-bg-transform elementor-bg-transform-zoom-in elementor-widget elementor-widget-call-to-action\" data-id=\"101bff2a\" data-element_type=\"widget\" data-e-type=\"widget\" data-widget_type=\"call-to-action.default\">\n\t\t\t\t<div class=\"elementor-widget-container\">\n\t\t\t\t\t\t\t<div class=\"elementor-cta\">\n\t\t\t\t\t\t\t<div class=\"elementor-cta__content\">\n\t\t\t\t\n\t\t\t\t\t\t\t\t\t<h2 class=\"elementor-cta__title elementor-cta__content-item elementor-content-item\">\n\t\t\t\t\t\tBr\u00e6tspil\t\t\t\t\t<\/h2>\n\t\t\t\t\n\t\t\t\t\n\t\t\t\t\t\t\t\t\t<div class=\"elementor-cta__button-wrapper elementor-cta__content-item elementor-content-item \">\n\t\t\t\t\t<a class=\"elementor-cta__button elementor-button elementor-size-\" href=\"https:\/\/denglemtetid.dk\/?page_id=139\">\n\t\t\t\t\t\tBes\u00f8g prissammenligning\t\t\t\t\t<\/a>\n\t\t\t\t\t<\/div>\n\t\t\t\t\t\t\t<\/div>\n\t\t\t\t\t\t<\/div>\n\t\t\t\t\t\t<\/div>\n\t\t\t\t<\/div>\n\t\t\t\t<\/div>\n\t\t<div class=\"elementor-element elementor-element-28d9981b animated-slow e-con-full e-flex elementor-invisible e-con e-child\" data-id=\"28d9981b\" data-element_type=\"container\" data-e-type=\"container\" data-settings=\"{&quot;animation&quot;:&quot;fadeInUp&quot;,&quot;animation_delay&quot;:600}\">\n\t\t<div class=\"elementor-element elementor-element-74a4b27a e-con-full e-flex e-con e-child\" data-id=\"74a4b27a\" data-element_type=\"container\" data-e-type=\"container\">\n\t\t\t\t<div class=\"elementor-element elementor-element-6ba05415 elementor-widget elementor-widget-image\" data-id=\"6ba05415\" data-element_type=\"widget\" data-e-type=\"widget\" data-widget_type=\"image.default\">\n\t\t\t\t<div class=\"elementor-widget-container\">\n\t\t\t\t\t\t\t\t\t\t\t\t\t\t\t<img decoding=\"async\" width=\"800\" height=\"800\" src=\"https:\/\/denglemtetid.dk\/wp-content\/uploads\/2025\/03\/DALL\u00b7E-2025-03-18-20.47.10-A-cozy-and-stylish-blogging-workspace-scene-featuring-an-open-laptop-a-steaming-cup-of-coffee-notebook-pens-and-a-minimalist-yet-inviting-desk-set.webp\" class=\"attachment-large size-large wp-image-41\" alt=\"\" srcset=\"https:\/\/denglemtetid.dk\/wp-content\/uploads\/2025\/03\/DALL\u00b7E-2025-03-18-20.47.10-A-cozy-and-stylish-blogging-workspace-scene-featuring-an-open-laptop-a-steaming-cup-of-coffee-notebook-pens-and-a-minimalist-yet-inviting-desk-set.webp 1024w, https:\/\/denglemtetid.dk\/wp-content\/uploads\/2025\/03\/DALL\u00b7E-2025-03-18-20.47.10-A-cozy-and-stylish-blogging-workspace-scene-featuring-an-open-laptop-a-steaming-cup-of-coffee-notebook-pens-and-a-minimalist-yet-inviting-desk-set-300x300.webp 300w, https:\/\/denglemtetid.dk\/wp-content\/uploads\/2025\/03\/DALL\u00b7E-2025-03-18-20.47.10-A-cozy-and-stylish-blogging-workspace-scene-featuring-an-open-laptop-a-steaming-cup-of-coffee-notebook-pens-and-a-minimalist-yet-inviting-desk-set-150x150.webp 150w, https:\/\/denglemtetid.dk\/wp-content\/uploads\/2025\/03\/DALL\u00b7E-2025-03-18-20.47.10-A-cozy-and-stylish-blogging-workspace-scene-featuring-an-open-laptop-a-steaming-cup-of-coffee-notebook-pens-and-a-minimalist-yet-inviting-desk-set-768x768.webp 768w\" sizes=\"(max-width: 800px) 100vw, 800px\" \/>\t\t\t\t\t\t\t\t\t\t\t\t\t\t\t<\/div>\n\t\t\t\t<\/div>\n\t\t\t\t<div class=\"elementor-element elementor-element-176070a7 elementor-widget__width-initial animated-slow elementor-invisible elementor-widget elementor-widget-spacer\" data-id=\"176070a7\" data-element_type=\"widget\" data-e-type=\"widget\" data-settings=\"{&quot;_animation&quot;:&quot;rotateInDownLeft&quot;}\" data-widget_type=\"spacer.default\">\n\t\t\t\t<div class=\"elementor-widget-container\">\n\t\t\t\t\t\t\t<div class=\"elementor-spacer\">\n\t\t\t<div class=\"elementor-spacer-inner\"><\/div>\n\t\t<\/div>\n\t\t\t\t\t\t<\/div>\n\t\t\t\t<\/div>\n\t\t\t\t<\/div>\n\t\t\t\t<div class=\"elementor-element elementor-element-594a3660 elementor-cta--layout-image-left elementor-cta--skin-classic elementor-animated-content elementor-bg-transform elementor-bg-transform-zoom-in elementor-widget elementor-widget-call-to-action\" data-id=\"594a3660\" data-element_type=\"widget\" data-e-type=\"widget\" data-widget_type=\"call-to-action.default\">\n\t\t\t\t<div class=\"elementor-widget-container\">\n\t\t\t\t\t\t\t<div class=\"elementor-cta\">\n\t\t\t\t\t\t\t<div class=\"elementor-cta__content\">\n\t\t\t\t\n\t\t\t\t\t\t\t\t\t<h2 class=\"elementor-cta__title elementor-cta__content-item elementor-content-item\">\n\t\t\t\t\t\tBlog\t\t\t\t\t<\/h2>\n\t\t\t\t\n\t\t\t\t\n\t\t\t\t\t\t\t\t\t<div class=\"elementor-cta__button-wrapper elementor-cta__content-item elementor-content-item \">\n\t\t\t\t\t<a class=\"elementor-cta__button elementor-button elementor-size-\">\n\t\t\t\t\t\tBes\u00f8g vores blog\t\t\t\t\t<\/a>\n\t\t\t\t\t<\/div>\n\t\t\t\t\t\t\t<\/div>\n\t\t\t\t\t\t<\/div>\n\t\t\t\t\t\t<\/div>\n\t\t\t\t<\/div>\n\t\t\t\t<\/div>\n\t\t\t\t<\/div>\n\t\t\t\t<\/div>\n\t\t\t\t<\/div>\n\t\t","protected":false},"excerpt":{"rendered":"<p>Velkommen til en verden fyldt med eventyr, kreativitet og f\u00e6llesskab! Den glemte tid Uanset om du er passioneret omkring detaljerede 3D-printede Dungeons &amp; Dragons-figurer, elsker hyggelige br\u00e6tspilsaftener med vennerne, eller s\u00f8ger inspiration og f\u00e6llesskab gennem blogging, er du landet det helt rigtige sted. Her forener vi fantasi, strategi og kreativitet i \u00e9t univers, skabt til [&hellip;]<\/p>\n","protected":false},"author":1,"featured_media":0,"parent":0,"menu_order":0,"comment_status":"closed","ping_status":"closed","template":"elementor_header_footer","meta":{"footnotes":""},"class_list":["post-26","page","type-page","status-publish","hentry"],"_links":{"self":[{"href":"https:\/\/denglemtetid.dk\/index.php?rest_route=\/wp\/v2\/pages\/26","targetHints":{"allow":["GET"]}}],"collection":[{"href":"https:\/\/denglemtetid.dk\/index.php?rest_route=\/wp\/v2\/pages"}],"about":[{"href":"https:\/\/denglemtetid.dk\/index.php?rest_route=\/wp\/v2\/types\/page"}],"author":[{"embeddable":true,"href":"https:\/\/denglemtetid.dk\/index.php?rest_route=\/wp\/v2\/users\/1"}],"replies":[{"embeddable":true,"href":"https:\/\/denglemtetid.dk\/index.php?rest_route=%2Fwp%2Fv2%2Fcomments&post=26"}],"version-history":[{"count":25,"href":"https:\/\/denglemtetid.dk\/index.php?rest_route=\/wp\/v2\/pages\/26\/revisions"}],"predecessor-version":[{"id":160,"href":"https:\/\/denglemtetid.dk\/index.php?rest_route=\/wp\/v2\/pages\/26\/revisions\/160"}],"wp:attachment":[{"href":"https:\/\/denglemtetid.dk\/index.php?rest_route=%2Fwp%2Fv2%2Fmedia&parent=26"}],"curies":[{"name":"wp","href":"https:\/\/api.w.org\/{rel}","templated":true}]}}